{"id":2074,"date":"2023-06-26T07:36:45","date_gmt":"2023-06-26T07:36:45","guid":{"rendered":"https:\/\/vrjsleepconsulting.com\/blogg\/"},"modified":"2025-09-29T18:09:10","modified_gmt":"2025-09-29T18:09:10","slug":"blogg","status":"publish","type":"page","link":"https:\/\/vrjsleepconsulting.com\/sv\/blogg\/","title":{"rendered":"Blogg"},"content":{"rendered":"\t\t<div data-elementor-type=\"wp-page\" data-elementor-id=\"2074\" class=\"elementor elementor-2074 elementor-19\" data-elementor-post-type=\"page\">\n\t\t\t\t\t\t<section class=\"elementor-section elementor-top-section elementor-element elementor-element-39aabb0 elementor-section-full_width elementor-section-content-middle elementor-section-height-default elementor-section-height-default\" data-id=\"39aabb0\" data-element_type=\"section\" data-settings=\"{&quot;background_background&quot;:&quot;classic&quot;}\">\n\t\t\t\t\t\t\t<div class=\"elementor-background-overlay\"><\/div>\n\t\t\t\t\t\t\t<div class=\"elementor-container elementor-column-gap-default\">\n\t\t\t\t\t<div class=\"elementor-column elementor-col-100 elementor-top-column elementor-element elementor-element-9f670f2\" data-id=\"9f670f2\" data-element_type=\"column\" data-settings=\"{&quot;background_background&quot;:&quot;classic&quot;}\">\n\t\t\t<div class=\"elementor-widget-wrap elementor-element-populated\">\n\t\t\t\t\t\t<div class=\"elementor-element elementor-element-6edc8d9 elementor-widget elementor-widget-heading\" data-id=\"6edc8d9\" data-element_type=\"widget\" data-widget_type=\"heading.default\">\n\t\t\t\t<div class=\"elementor-widget-container\">\n\t\t\t\t\t<h2 class=\"elementor-heading-title elementor-size-default\">Fr\u00e5n bloggen<\/h2>\t\t\t\t<\/div>\n\t\t\t\t<\/div>\n\t\t\t\t\t<\/div>\n\t\t<\/div>\n\t\t\t\t\t<\/div>\n\t\t<\/section>\n\t\t\t\t<section class=\"elementor-section elementor-top-section elementor-element elementor-element-026c79f elementor-section-boxed elementor-section-height-default elementor-section-height-default\" data-id=\"026c79f\" data-element_type=\"section\">\n\t\t\t\t\t\t<div class=\"elementor-container elementor-column-gap-default\">\n\t\t\t\t\t<div class=\"elementor-column elementor-col-100 elementor-top-column elementor-element elementor-element-72ed429\" data-id=\"72ed429\" data-element_type=\"column\">\n\t\t\t<div class=\"elementor-widget-wrap elementor-element-populated\">\n\t\t\t\t\t\t<div class=\"elementor-element elementor-element-d68f51a elementor-posts__hover-none elementor-grid-3 elementor-grid-tablet-2 elementor-grid-mobile-1 elementor-posts--thumbnail-top elementor-widget elementor-widget-posts\" data-id=\"d68f51a\" data-element_type=\"widget\" data-settings=\"{&quot;cards_columns&quot;:&quot;3&quot;,&quot;cards_columns_tablet&quot;:&quot;2&quot;,&quot;cards_columns_mobile&quot;:&quot;1&quot;,&quot;cards_row_gap&quot;:{&quot;unit&quot;:&quot;px&quot;,&quot;size&quot;:35,&quot;sizes&quot;:[]},&quot;cards_row_gap_tablet&quot;:{&quot;unit&quot;:&quot;px&quot;,&quot;size&quot;:&quot;&quot;,&quot;sizes&quot;:[]},&quot;cards_row_gap_mobile&quot;:{&quot;unit&quot;:&quot;px&quot;,&quot;size&quot;:&quot;&quot;,&quot;sizes&quot;:[]}}\" data-widget_type=\"posts.cards\">\n\t\t\t\t<div class=\"elementor-widget-container\">\n\t\t\t\t\t\t\t<div class=\"elementor-posts-container elementor-posts elementor-posts--skin-cards elementor-grid\" role=\"list\">\n\t\t\t\t<article class=\"elementor-post elementor-grid-item post-2105 post type-post status-publish format-standard has-post-thumbnail hentry category-okategoriserad\" role=\"listitem\">\n\t\t\t<div class=\"elementor-post__card\">\n\t\t\t\t<a class=\"elementor-post__thumbnail__link\" href=\"https:\/\/vrjsleepconsulting.com\/sv\/5-vanliga-myter-om-barns-somn\/\" tabindex=\"-1\" ><div class=\"elementor-post__thumbnail\"><img fetchpriority=\"high\" decoding=\"async\" width=\"1000\" height=\"667\" src=\"https:\/\/vrjsleepconsulting.com\/wp-content\/uploads\/2023\/07\/5-Common-Myths-About-Babys-Sleep.jpg\" class=\"attachment-full size-full wp-image-2104\" alt=\"5 vanliga myter om barns s\u00f6mn\" srcset=\"https:\/\/vrjsleepconsulting.com\/wp-content\/uploads\/2023\/07\/5-Common-Myths-About-Babys-Sleep.jpg 1000w, https:\/\/vrjsleepconsulting.com\/wp-content\/uploads\/2023\/07\/5-Common-Myths-About-Babys-Sleep-300x200.jpg 300w, https:\/\/vrjsleepconsulting.com\/wp-content\/uploads\/2023\/07\/5-Common-Myths-About-Babys-Sleep-768x512.jpg 768w\" sizes=\"(max-width: 1000px) 100vw, 1000px\" \/><\/div><\/a>\n\t\t\t\t<div class=\"elementor-post__text\">\n\t\t\t\t<h3 class=\"elementor-post__title\">\n\t\t\t<a href=\"https:\/\/vrjsleepconsulting.com\/sv\/5-vanliga-myter-om-barns-somn\/\" >\n\t\t\t\t5 vanliga myter om barns s\u00f6mn\t\t\t<\/a>\n\t\t<\/h3>\n\t\t\t\t<div class=\"elementor-post__excerpt\">\n\t\t\t<p>Jag minns tydligt, precis som de flesta mammor, just det \u00f6gonblick jag f\u00f6dde mitt f\u00f6rsta barn. Jag var fullst\u00e4ndigt uppslukad i k\u00e4nslor av k\u00e4rlek och<\/p>\n\t\t<\/div>\n\t\t\t\t\t<div class=\"elementor-post__read-more-wrapper\">\n\t\t\n\t\t<a class=\"elementor-post__read-more\" href=\"https:\/\/vrjsleepconsulting.com\/sv\/5-vanliga-myter-om-barns-somn\/\" aria-label=\"L\u00e4s mer om 5 vanliga myter om barns s\u00f6mn\" tabindex=\"-1\" >\n\t\t\tL\u00e4s mer\t\t<\/a>\n\n\t\t\t\t\t<\/div>\n\t\t\t\t<\/div>\n\t\t\t\t\t<\/div>\n\t\t<\/article>\n\t\t\t\t<article class=\"elementor-post elementor-grid-item post-2110 post type-post status-publish format-standard has-post-thumbnail hentry category-okategoriserad\" role=\"listitem\">\n\t\t\t<div class=\"elementor-post__card\">\n\t\t\t\t<a class=\"elementor-post__thumbnail__link\" href=\"https:\/\/vrjsleepconsulting.com\/sv\/varfor-vaknar-mitt-barn-alltid-upp-klockan-3-pa-natten\/\" tabindex=\"-1\" ><div class=\"elementor-post__thumbnail\"><img decoding=\"async\" width=\"1000\" height=\"667\" src=\"https:\/\/vrjsleepconsulting.com\/wp-content\/uploads\/2023\/07\/Why-Does-My-Baby-Wake-Up-at-3-am-1.jpg\" class=\"attachment-full size-full wp-image-2109\" alt=\"Varf\u00f6r vaknar mitt barn alltid upp klockan 3 p\u00e5 natten?\" srcset=\"https:\/\/vrjsleepconsulting.com\/wp-content\/uploads\/2023\/07\/Why-Does-My-Baby-Wake-Up-at-3-am-1.jpg 1000w, https:\/\/vrjsleepconsulting.com\/wp-content\/uploads\/2023\/07\/Why-Does-My-Baby-Wake-Up-at-3-am-1-300x200.jpg 300w, https:\/\/vrjsleepconsulting.com\/wp-content\/uploads\/2023\/07\/Why-Does-My-Baby-Wake-Up-at-3-am-1-768x512.jpg 768w\" sizes=\"(max-width: 1000px) 100vw, 1000px\" \/><\/div><\/a>\n\t\t\t\t<div class=\"elementor-post__text\">\n\t\t\t\t<h3 class=\"elementor-post__title\">\n\t\t\t<a href=\"https:\/\/vrjsleepconsulting.com\/sv\/varfor-vaknar-mitt-barn-alltid-upp-klockan-3-pa-natten\/\" >\n\t\t\t\tVarf\u00f6r vaknar mitt barn alltid upp klockan 3 p\u00e5 natten?\t\t\t<\/a>\n\t\t<\/h3>\n\t\t\t\t<div class=\"elementor-post__excerpt\">\n\t\t\t<p>Just det kan vara den enskilt vanligaste fr\u00e5gan nyblivna f\u00f6r\u00e4ldrar st\u00e4ller. \u00c4r det en utvecklingsmilstolpe? En s\u00f6mnregression? F\u00e5r de f\u00f6r mycket s\u00f6mn under dagen, eller<\/p>\n\t\t<\/div>\n\t\t\t\t\t<div class=\"elementor-post__read-more-wrapper\">\n\t\t\n\t\t<a class=\"elementor-post__read-more\" href=\"https:\/\/vrjsleepconsulting.com\/sv\/varfor-vaknar-mitt-barn-alltid-upp-klockan-3-pa-natten\/\" aria-label=\"L\u00e4s mer om Varf\u00f6r vaknar mitt barn alltid upp klockan 3 p\u00e5 natten?\" tabindex=\"-1\" >\n\t\t\tL\u00e4s mer\t\t<\/a>\n\n\t\t\t\t\t<\/div>\n\t\t\t\t<\/div>\n\t\t\t\t\t<\/div>\n\t\t<\/article>\n\t\t\t\t<article class=\"elementor-post elementor-grid-item post-2114 post type-post status-publish format-standard has-post-thumbnail hentry category-okategoriserad\" role=\"listitem\">\n\t\t\t<div class=\"elementor-post__card\">\n\t\t\t\t<a class=\"elementor-post__thumbnail__link\" href=\"https:\/\/vrjsleepconsulting.com\/sv\/fyra-manaders-somnregression\/\" tabindex=\"-1\" ><div class=\"elementor-post__thumbnail\"><img decoding=\"async\" width=\"1000\" height=\"667\" src=\"https:\/\/vrjsleepconsulting.com\/wp-content\/uploads\/2023\/07\/The-Four-Month-Sleep-Regression.jpg\" class=\"attachment-full size-full wp-image-2113\" alt=\"Fyra m\u00e5naders s\u00f6mnregression\" srcset=\"https:\/\/vrjsleepconsulting.com\/wp-content\/uploads\/2023\/07\/The-Four-Month-Sleep-Regression.jpg 1000w, https:\/\/vrjsleepconsulting.com\/wp-content\/uploads\/2023\/07\/The-Four-Month-Sleep-Regression-300x200.jpg 300w, https:\/\/vrjsleepconsulting.com\/wp-content\/uploads\/2023\/07\/The-Four-Month-Sleep-Regression-768x512.jpg 768w\" sizes=\"(max-width: 1000px) 100vw, 1000px\" \/><\/div><\/a>\n\t\t\t\t<div class=\"elementor-post__text\">\n\t\t\t\t<h3 class=\"elementor-post__title\">\n\t\t\t<a href=\"https:\/\/vrjsleepconsulting.com\/sv\/fyra-manaders-somnregression\/\" >\n\t\t\t\tFyra m\u00e5naders s\u00f6mnregression\t\t\t<\/a>\n\t\t<\/h3>\n\t\t\t\t<div class=\"elementor-post__excerpt\">\n\t\t\t<p>Som professionell s\u00f6mnkonsult h\u00f6r jag termen &amp;quot;regression&amp;quot; anv\u00e4ndas i samband i n\u00e4stan alla t\u00e4nkbara omst\u00e4ndigheter. I grund och botten, om barnet inte sover bra p\u00e5<\/p>\n\t\t<\/div>\n\t\t\t\t\t<div class=\"elementor-post__read-more-wrapper\">\n\t\t\n\t\t<a class=\"elementor-post__read-more\" href=\"https:\/\/vrjsleepconsulting.com\/sv\/fyra-manaders-somnregression\/\" aria-label=\"L\u00e4s mer om Fyra m\u00e5naders s\u00f6mnregression\" tabindex=\"-1\" >\n\t\t\tL\u00e4s mer\t\t<\/a>\n\n\t\t\t\t\t<\/div>\n\t\t\t\t<\/div>\n\t\t\t\t\t<\/div>\n\t\t<\/article>\n\t\t\t\t<\/div>\n\t\t\n\t\t\t\t\t\t<\/div>\n\t\t\t\t<\/div>\n\t\t\t\t\t<\/div>\n\t\t<\/div>\n\t\t\t\t\t<\/div>\n\t\t<\/section>\n\t\t\t\t<\/div>\n\t\t","protected":false},"excerpt":{"rendered":"<p>Fr\u00e5n bloggen<\/p>\n","protected":false},"author":1,"featured_media":0,"parent":0,"menu_order":0,"comment_status":"closed","ping_status":"closed","template":"","meta":{"inline_featured_image":false,"footnotes":""},"class_list":["post-2074","page","type-page","status-publish","hentry"],"_links":{"self":[{"href":"https:\/\/vrjsleepconsulting.com\/sv\/wp-json\/wp\/v2\/pages\/2074","targetHints":{"allow":["GET"]}}],"collection":[{"href":"https:\/\/vrjsleepconsulting.com\/sv\/wp-json\/wp\/v2\/pages"}],"about":[{"href":"https:\/\/vrjsleepconsulting.com\/sv\/wp-json\/wp\/v2\/types\/page"}],"author":[{"embeddable":true,"href":"https:\/\/vrjsleepconsulting.com\/sv\/wp-json\/wp\/v2\/users\/1"}],"replies":[{"embeddable":true,"href":"https:\/\/vrjsleepconsulting.com\/sv\/wp-json\/wp\/v2\/comments?post=2074"}],"version-history":[{"count":1,"href":"https:\/\/vrjsleepconsulting.com\/sv\/wp-json\/wp\/v2\/pages\/2074\/revisions"}],"predecessor-version":[{"id":2075,"href":"https:\/\/vrjsleepconsulting.com\/sv\/wp-json\/wp\/v2\/pages\/2074\/revisions\/2075"}],"wp:attachment":[{"href":"https:\/\/vrjsleepconsulting.com\/sv\/wp-json\/wp\/v2\/media?parent=2074"}],"curies":[{"name":"wp","href":"https:\/\/api.w.org\/{rel}","templated":true}]}}