{"id":2063,"date":"2023-06-26T07:36:27","date_gmt":"2023-06-26T07:36:27","guid":{"rendered":"https:\/\/vrjsleepconsulting.com\/somnfilosofi\/"},"modified":"2025-09-29T13:34:47","modified_gmt":"2025-09-29T13:34:47","slug":"somnfilosofi","status":"publish","type":"page","link":"https:\/\/vrjsleepconsulting.com\/sv\/somnfilosofi\/","title":{"rendered":"S\u00f6mnfilosofi"},"content":{"rendered":"\t\t<div data-elementor-type=\"wp-page\" data-elementor-id=\"2063\" class=\"elementor elementor-2063 elementor-15\" data-elementor-post-type=\"page\">\n\t\t\t\t\t\t<section class=\"elementor-section elementor-top-section elementor-element elementor-element-b80499b elementor-section-full_width elementor-section-content-middle elementor-section-height-default elementor-section-height-default\" data-id=\"b80499b\" data-element_type=\"section\" data-settings=\"{&quot;background_background&quot;:&quot;classic&quot;}\">\n\t\t\t\t\t\t\t<div class=\"elementor-background-overlay\"><\/div>\n\t\t\t\t\t\t\t<div class=\"elementor-container elementor-column-gap-default\">\n\t\t\t\t\t<div class=\"elementor-column elementor-col-100 elementor-top-column elementor-element elementor-element-31f81f3\" data-id=\"31f81f3\" data-element_type=\"column\" data-settings=\"{&quot;background_background&quot;:&quot;classic&quot;}\">\n\t\t\t<div class=\"elementor-widget-wrap elementor-element-populated\">\n\t\t\t\t\t\t<div class=\"elementor-element elementor-element-0cdf31c elementor-widget elementor-widget-heading\" data-id=\"0cdf31c\" data-element_type=\"widget\" data-widget_type=\"heading.default\">\n\t\t\t\t<div class=\"elementor-widget-container\">\n\t\t\t\t\t<h2 class=\"elementor-heading-title elementor-size-default\">S\u00f6mnfilosofi<\/h2>\t\t\t\t<\/div>\n\t\t\t\t<\/div>\n\t\t\t\t\t<\/div>\n\t\t<\/div>\n\t\t\t\t\t<\/div>\n\t\t<\/section>\n\t\t\t\t<section class=\"elementor-section elementor-top-section elementor-element elementor-element-37a6e80 elementor-section-content-middle elementor-section-boxed elementor-section-height-default elementor-section-height-default\" data-id=\"37a6e80\" data-element_type=\"section\">\n\t\t\t\t\t\t<div class=\"elementor-container elementor-column-gap-default\">\n\t\t\t\t\t<div class=\"elementor-column elementor-col-100 elementor-top-column elementor-element elementor-element-39a6a28\" data-id=\"39a6a28\" data-element_type=\"column\">\n\t\t\t<div class=\"elementor-widget-wrap elementor-element-populated\">\n\t\t\t\t\t\t<div class=\"elementor-element elementor-element-9c3f752 elementor-widget elementor-widget-text-editor\" data-id=\"9c3f752\" data-element_type=\"widget\" data-widget_type=\"text-editor.default\">\n\t\t\t\t<div class=\"elementor-widget-container\">\n\t\t\t\t\t\t\t\t\t<p>N\u00e4r vi v\u00e4ntar barn \u00e4r det vanligt att f\u00e5 h\u00f6ra r\u00e5det att &#8221;sova nu medan du kan f\u00f6r du kommer inte att sova mer n\u00e4r den lilla kommer&#8221;. Denna uppfattning \u00e4r dock inte helt korrekt. Genom att l\u00e4ra ditt barn att somna sj\u00e4lvst\u00e4ndigt fr\u00e5n tidig \u00e5lder kan du f\u00f6rb\u00e4ttra livskvaliteten f\u00f6r hela familjen. Min personligt anpassade metod tar h\u00e4nsyn till ditt barns behov, personlighet och din familjs preferenser. Jag kommer att finnas d\u00e4r varje steg p\u00e5 v\u00e4gen f\u00f6r att st\u00f6dja dig och se till att vi uppn\u00e5r v\u00e5ra m\u00e5l tillsammans. Kom ih\u00e5g att s\u00f6mn \u00e4r lika viktigt som att \u00e4ta och dricka, och du skulle v\u00e4l inte gl\u00f6mma att mata ditt barn? S\u00e5 l\u00e5t oss arbeta tillsammans och f\u00e5 den s\u00f6mn du och ditt barn f\u00f6rtj\u00e4nar.      <\/p>\t\t\t\t\t\t\t\t<\/div>\n\t\t\t\t<\/div>\n\t\t\t\t\t<\/div>\n\t\t<\/div>\n\t\t\t\t\t<\/div>\n\t\t<\/section>\n\t\t\t\t<section class=\"elementor-section elementor-top-section elementor-element elementor-element-7dee51c elementor-section-content-middle elementor-section-boxed elementor-section-height-default elementor-section-height-default\" data-id=\"7dee51c\" data-element_type=\"section\">\n\t\t\t\t\t\t<div class=\"elementor-container elementor-column-gap-default\">\n\t\t\t\t\t<div class=\"elementor-column elementor-col-50 elementor-top-column elementor-element elementor-element-96c09dc\" data-id=\"96c09dc\" data-element_type=\"column\">\n\t\t\t<div class=\"elementor-widget-wrap elementor-element-populated\">\n\t\t\t\t\t\t<div class=\"elementor-element elementor-element-2551367 elementor-widget elementor-widget-image\" data-id=\"2551367\" data-element_type=\"widget\" data-widget_type=\"image.default\">\n\t\t\t\t<div class=\"elementor-widget-container\">\n\t\t\t\t\t\t\t\t\t\t\t\t\t\t\t<img fetchpriority=\"high\" decoding=\"async\" width=\"600\" height=\"437\" src=\"https:\/\/vrjsleepconsulting.com\/wp-content\/uploads\/2023\/07\/a-few-words-about-crying.jpg\" class=\"attachment-large size-large wp-image-2062\" alt=\"N\u00e5gra ord om gr\u00e5tande\" srcset=\"https:\/\/vrjsleepconsulting.com\/wp-content\/uploads\/2023\/07\/a-few-words-about-crying.jpg 600w, https:\/\/vrjsleepconsulting.com\/wp-content\/uploads\/2023\/07\/a-few-words-about-crying-300x219.jpg 300w\" sizes=\"(max-width: 600px) 100vw, 600px\" \/>\t\t\t\t\t\t\t\t\t\t\t\t\t\t\t<\/div>\n\t\t\t\t<\/div>\n\t\t\t\t\t<\/div>\n\t\t<\/div>\n\t\t\t\t<div class=\"elementor-column elementor-col-50 elementor-top-column elementor-element elementor-element-483e502\" data-id=\"483e502\" data-element_type=\"column\">\n\t\t\t<div class=\"elementor-widget-wrap elementor-element-populated\">\n\t\t\t\t\t\t<div class=\"elementor-element elementor-element-4686afa elementor-widget elementor-widget-heading\" data-id=\"4686afa\" data-element_type=\"widget\" data-widget_type=\"heading.default\">\n\t\t\t\t<div class=\"elementor-widget-container\">\n\t\t\t\t\t<h2 class=\"elementor-heading-title elementor-size-default\">N\u00e5gra ord om gr\u00e5tande<\/h2>\t\t\t\t<\/div>\n\t\t\t\t<\/div>\n\t\t\t\t<div class=\"elementor-element elementor-element-b9528a4 elementor-widget elementor-widget-text-editor\" data-id=\"b9528a4\" data-element_type=\"widget\" data-widget_type=\"text-editor.default\">\n\t\t\t\t<div class=\"elementor-widget-container\">\n\t\t\t\t\t\t\t\t\t<p>\u00c4ven om det kommer att f\u00f6rekomma en del gr\u00e5tande \u00e4r det en naturlig reaktion f\u00f6r barn n\u00e4r de st\u00e4lls inf\u00f6r f\u00f6r\u00e4ndringar. Var dock s\u00e4ker p\u00e5 att ditt barn inte kommer att l\u00e4mnas ensamt under programmet. Du kommer att finnas vid deras sida varje steg p\u00e5 v\u00e4gen medan de l\u00e4r sig tekniker f\u00f6r sj\u00e4lvlugnande och hur man sover hela natten. Detta kommer att hj\u00e4lpa ditt barn att k\u00e4nna sig st\u00f6ttat, sett och inte ensamt under processen.   <\/p>\t\t\t\t\t\t\t\t<\/div>\n\t\t\t\t<\/div>\n\t\t\t\t\t<\/div>\n\t\t<\/div>\n\t\t\t\t\t<\/div>\n\t\t<\/section>\n\t\t\t\t<\/div>\n\t\t","protected":false},"excerpt":{"rendered":"<p>S\u00f6mnfilosofi N\u00e4r vi v\u00e4ntar barn \u00e4r det vanligt att f\u00e5 h\u00f6ra r\u00e5det att &#8221;sova nu medan du kan f\u00f6r du kommer inte att sova mer n\u00e4r den lilla kommer&#8221;. Denna uppfattning \u00e4r dock inte helt korrekt. Genom att l\u00e4ra ditt barn att somna sj\u00e4lvst\u00e4ndigt fr\u00e5n tidig \u00e5lder kan du f\u00f6rb\u00e4ttra livskvaliteten f\u00f6r hela familjen. Min [&hellip;]<\/p>\n","protected":false},"author":1,"featured_media":0,"parent":0,"menu_order":0,"comment_status":"closed","ping_status":"closed","template":"","meta":{"inline_featured_image":false,"footnotes":""},"class_list":["post-2063","page","type-page","status-publish","hentry"],"_links":{"self":[{"href":"https:\/\/vrjsleepconsulting.com\/sv\/wp-json\/wp\/v2\/pages\/2063","targetHints":{"allow":["GET"]}}],"collection":[{"href":"https:\/\/vrjsleepconsulting.com\/sv\/wp-json\/wp\/v2\/pages"}],"about":[{"href":"https:\/\/vrjsleepconsulting.com\/sv\/wp-json\/wp\/v2\/types\/page"}],"author":[{"embeddable":true,"href":"https:\/\/vrjsleepconsulting.com\/sv\/wp-json\/wp\/v2\/users\/1"}],"replies":[{"embeddable":true,"href":"https:\/\/vrjsleepconsulting.com\/sv\/wp-json\/wp\/v2\/comments?post=2063"}],"version-history":[{"count":1,"href":"https:\/\/vrjsleepconsulting.com\/sv\/wp-json\/wp\/v2\/pages\/2063\/revisions"}],"predecessor-version":[{"id":2064,"href":"https:\/\/vrjsleepconsulting.com\/sv\/wp-json\/wp\/v2\/pages\/2063\/revisions\/2064"}],"wp:attachment":[{"href":"https:\/\/vrjsleepconsulting.com\/sv\/wp-json\/wp\/v2\/media?parent=2063"}],"curies":[{"name":"wp","href":"https:\/\/api.w.org\/{rel}","templated":true}]}}