{"id":2053,"date":"2023-06-26T07:35:54","date_gmt":"2023-06-26T07:35:54","guid":{"rendered":"https:\/\/vrjsleepconsulting.com\/hem\/"},"modified":"2025-09-15T17:21:59","modified_gmt":"2025-09-15T17:21:59","slug":"hem","status":"publish","type":"page","link":"https:\/\/vrjsleepconsulting.com\/sv\/","title":{"rendered":"Hem"},"content":{"rendered":"\t\t<div data-elementor-type=\"wp-page\" data-elementor-id=\"2053\" class=\"elementor elementor-2053 elementor-8\" data-elementor-post-type=\"page\">\n\t\t\t\t\t\t<section class=\"elementor-section elementor-top-section elementor-element elementor-element-8c12191 elementor-section-full_width elementor-section-height-min-height elementor-section-content-middle elementor-section-height-default elementor-section-items-middle\" data-id=\"8c12191\" data-element_type=\"section\" data-settings=\"{&quot;background_background&quot;:&quot;classic&quot;,&quot;shape_divider_bottom&quot;:&quot;book&quot;}\">\n\t\t\t\t\t<div class=\"elementor-shape elementor-shape-bottom\" aria-hidden=\"true\" data-negative=\"false\">\n\t\t\t<svg xmlns=\"http:\/\/www.w3.org\/2000\/svg\" viewBox=\"0 0 1000 100\" preserveAspectRatio=\"none\">\n\t<path class=\"elementor-shape-fill\" d=\"M194,99c186.7,0.7,305-78.3,306-97.2c1,18.9,119.3,97.9,306,97.2c114.3-0.3,194,0.3,194,0.3s0-91.7,0-100c0,0,0,0,0-0 L0,0v99.3C0,99.3,79.7,98.7,194,99z\"\/>\n<\/svg>\t\t<\/div>\n\t\t\t\t\t<div class=\"elementor-container elementor-column-gap-default\">\n\t\t\t\t\t<div class=\"elementor-column elementor-col-50 elementor-top-column elementor-element elementor-element-a0385b7\" data-id=\"a0385b7\" data-element_type=\"column\" data-settings=\"{&quot;background_background&quot;:&quot;classic&quot;}\">\n\t\t\t<div class=\"elementor-widget-wrap elementor-element-populated\">\n\t\t\t\t\t\t<div class=\"elementor-element elementor-element-2b0c53d elementor-widget elementor-widget-heading\" data-id=\"2b0c53d\" data-element_type=\"widget\" data-widget_type=\"heading.default\">\n\t\t\t\t<div class=\"elementor-widget-container\">\n\t\t\t\t\t<h2 class=\"elementor-heading-title elementor-size-default\">\u201cS\u00f6mn \u00e4r den viktigaste aspekten av ett barns liv, efter mat och vatten. Det \u00e4r grunden f\u00f6r fysisk och mental h\u00e4lsa.\u201d<\/h2>\t\t\t\t<\/div>\n\t\t\t\t<\/div>\n\t\t\t\t<div class=\"elementor-element elementor-element-53f1814 elementor-widget elementor-widget-heading\" data-id=\"53f1814\" data-element_type=\"widget\" data-widget_type=\"heading.default\">\n\t\t\t\t<div class=\"elementor-widget-container\">\n\t\t\t\t\t<h2 class=\"elementor-heading-title elementor-size-default\"><em>- Dr. Nandini Mundkur.<\/em><\/h2>\t\t\t\t<\/div>\n\t\t\t\t<\/div>\n\t\t\t\t\t<\/div>\n\t\t<\/div>\n\t\t\t\t<div class=\"elementor-column elementor-col-50 elementor-top-column elementor-element elementor-element-14efbbf\" data-id=\"14efbbf\" data-element_type=\"column\" data-settings=\"{&quot;background_background&quot;:&quot;classic&quot;}\">\n\t\t\t<div class=\"elementor-widget-wrap elementor-element-populated\">\n\t\t\t\t\t\t<div class=\"elementor-element elementor-element-b394690 elementor-widget elementor-widget-spacer\" data-id=\"b394690\" data-element_type=\"widget\" data-widget_type=\"spacer.default\">\n\t\t\t\t<div class=\"elementor-widget-container\">\n\t\t\t\t\t\t\t<div class=\"elementor-spacer\">\n\t\t\t<div class=\"elementor-spacer-inner\"><\/div>\n\t\t<\/div>\n\t\t\t\t\t\t<\/div>\n\t\t\t\t<\/div>\n\t\t\t\t\t<\/div>\n\t\t<\/div>\n\t\t\t\t\t<\/div>\n\t\t<\/section>\n\t\t\t\t<section class=\"elementor-section elementor-top-section elementor-element elementor-element-b14de23 elementor-section-boxed elementor-section-height-default elementor-section-height-default\" data-id=\"b14de23\" data-element_type=\"section\">\n\t\t\t\t\t\t<div class=\"elementor-container elementor-column-gap-default\">\n\t\t\t\t\t<div class=\"elementor-column elementor-col-25 elementor-top-column elementor-element elementor-element-5b1da3e\" data-id=\"5b1da3e\" data-element_type=\"column\">\n\t\t\t<div class=\"elementor-widget-wrap\">\n\t\t\t\t\t\t\t<\/div>\n\t\t<\/div>\n\t\t\t\t<div class=\"elementor-column elementor-col-25 elementor-top-column elementor-element elementor-element-2f41890\" data-id=\"2f41890\" data-element_type=\"column\">\n\t\t\t<div class=\"elementor-widget-wrap elementor-element-populated\">\n\t\t\t\t\t\t<div class=\"elementor-element elementor-element-2baf275 elementor-widget elementor-widget-image\" data-id=\"2baf275\" data-element_type=\"widget\" data-widget_type=\"image.default\">\n\t\t\t\t<div class=\"elementor-widget-container\">\n\t\t\t\t\t\t\t\t\t\t\t\t\t\t\t<img fetchpriority=\"high\" decoding=\"async\" width=\"800\" height=\"828\" src=\"https:\/\/vrjsleepconsulting.com\/wp-content\/uploads\/2025\/09\/IACSC-logo.png\" class=\"attachment-large size-large wp-image-2048\" alt=\"\" srcset=\"https:\/\/vrjsleepconsulting.com\/wp-content\/uploads\/2025\/09\/IACSC-logo.png 800w, https:\/\/vrjsleepconsulting.com\/wp-content\/uploads\/2025\/09\/IACSC-logo-290x300.png 290w, https:\/\/vrjsleepconsulting.com\/wp-content\/uploads\/2025\/09\/IACSC-logo-768x795.png 768w\" sizes=\"(max-width: 800px) 100vw, 800px\" \/>\t\t\t\t\t\t\t\t\t\t\t\t\t\t\t<\/div>\n\t\t\t\t<\/div>\n\t\t\t\t\t<\/div>\n\t\t<\/div>\n\t\t\t\t<div class=\"elementor-column elementor-col-25 elementor-top-column elementor-element elementor-element-069bc42\" data-id=\"069bc42\" data-element_type=\"column\">\n\t\t\t<div class=\"elementor-widget-wrap elementor-element-populated\">\n\t\t\t\t\t\t<div class=\"elementor-element elementor-element-ab5785e elementor-widget elementor-widget-image\" data-id=\"ab5785e\" data-element_type=\"widget\" data-widget_type=\"image.default\">\n\t\t\t\t<div class=\"elementor-widget-container\">\n\t\t\t\t\t\t\t\t\t\t\t\t\t\t\t<img decoding=\"async\" width=\"656\" height=\"380\" src=\"https:\/\/vrjsleepconsulting.com\/wp-content\/uploads\/2025\/09\/vrjsleep-ipsa-logo.png\" class=\"attachment-large size-large wp-image-2049\" alt=\"\" srcset=\"https:\/\/vrjsleepconsulting.com\/wp-content\/uploads\/2025\/09\/vrjsleep-ipsa-logo.png 656w, https:\/\/vrjsleepconsulting.com\/wp-content\/uploads\/2025\/09\/vrjsleep-ipsa-logo-300x174.png 300w\" sizes=\"(max-width: 656px) 100vw, 656px\" \/>\t\t\t\t\t\t\t\t\t\t\t\t\t\t\t<\/div>\n\t\t\t\t<\/div>\n\t\t\t\t<div class=\"elementor-element elementor-element-43426f7 elementor-widget elementor-widget-heading\" data-id=\"43426f7\" data-element_type=\"widget\" data-widget_type=\"heading.default\">\n\t\t\t\t<div class=\"elementor-widget-container\">\n\t\t\t\t\t<h2 class=\"elementor-heading-title elementor-size-default\">Vanessa Redaelli<\/h2>\t\t\t\t<\/div>\n\t\t\t\t<\/div>\n\t\t\t\t<div class=\"elementor-element elementor-element-4e9c765 elementor-widget elementor-widget-text-editor\" data-id=\"4e9c765\" data-element_type=\"widget\" data-widget_type=\"text-editor.default\">\n\t\t\t\t<div class=\"elementor-widget-container\">\n\t\t\t\t\t\t\t\t\t<p>Member ID: 93705145<\/p><p>Membership &#8211; Regular<\/p>\t\t\t\t\t\t\t\t<\/div>\n\t\t\t\t<\/div>\n\t\t\t\t\t<\/div>\n\t\t<\/div>\n\t\t\t\t<div class=\"elementor-column elementor-col-25 elementor-top-column elementor-element elementor-element-d09116a\" data-id=\"d09116a\" data-element_type=\"column\">\n\t\t\t<div class=\"elementor-widget-wrap\">\n\t\t\t\t\t\t\t<\/div>\n\t\t<\/div>\n\t\t\t\t\t<\/div>\n\t\t<\/section>\n\t\t\t\t<section class=\"elementor-section elementor-top-section elementor-element elementor-element-eba6924 elementor-section-content-middle elementor-reverse-tablet elementor-reverse-mobile elementor-section-boxed elementor-section-height-default elementor-section-height-default\" data-id=\"eba6924\" data-element_type=\"section\" data-settings=\"{&quot;background_background&quot;:&quot;classic&quot;}\">\n\t\t\t\t\t\t<div class=\"elementor-container elementor-column-gap-default\">\n\t\t\t\t\t<div class=\"elementor-column elementor-col-50 elementor-top-column elementor-element elementor-element-ad57dfb\" data-id=\"ad57dfb\" data-element_type=\"column\">\n\t\t\t<div class=\"elementor-widget-wrap elementor-element-populated\">\n\t\t\t\t\t\t<div class=\"elementor-element elementor-element-5bc8158 elementor-widget elementor-widget-image\" data-id=\"5bc8158\" data-element_type=\"widget\" data-widget_type=\"image.default\">\n\t\t\t\t<div class=\"elementor-widget-container\">\n\t\t\t\t\t\t\t\t\t\t\t\t\t\t\t<img decoding=\"async\" width=\"600\" height=\"880\" src=\"https:\/\/vrjsleepconsulting.com\/wp-content\/uploads\/2023\/07\/5AF85854-6E87-49FE-BBF1-5AC9329A21CF.webp\" class=\"attachment-large size-large wp-image-2050\" alt=\"\" srcset=\"https:\/\/vrjsleepconsulting.com\/wp-content\/uploads\/2023\/07\/5AF85854-6E87-49FE-BBF1-5AC9329A21CF.webp 600w, https:\/\/vrjsleepconsulting.com\/wp-content\/uploads\/2023\/07\/5AF85854-6E87-49FE-BBF1-5AC9329A21CF-205x300.webp 205w\" sizes=\"(max-width: 600px) 100vw, 600px\" \/>\t\t\t\t\t\t\t\t\t\t\t\t\t\t\t<\/div>\n\t\t\t\t<\/div>\n\t\t\t\t\t<\/div>\n\t\t<\/div>\n\t\t\t\t<div class=\"elementor-column elementor-col-50 elementor-top-column elementor-element elementor-element-9e0986f\" data-id=\"9e0986f\" data-element_type=\"column\">\n\t\t\t<div class=\"elementor-widget-wrap elementor-element-populated\">\n\t\t\t\t\t\t<div class=\"elementor-element elementor-element-c7243f8 elementor-widget elementor-widget-heading\" data-id=\"c7243f8\" data-element_type=\"widget\" data-widget_type=\"heading.default\">\n\t\t\t\t<div class=\"elementor-widget-container\">\n\t\t\t\t\t<h2 class=\"elementor-heading-title elementor-size-default\">V\u00e4lkommen till VRJsleepconsulting.<\/h2>\t\t\t\t<\/div>\n\t\t\t\t<\/div>\n\t\t\t\t<div class=\"elementor-element elementor-element-5edc72e elementor-widget elementor-widget-text-editor\" data-id=\"5edc72e\" data-element_type=\"widget\" data-widget_type=\"text-editor.default\">\n\t\t\t\t<div class=\"elementor-widget-container\">\n\t\t\t\t\t\t\t\t\t<p>Som tv\u00e5barnsmamma f\u00f6rst\u00e5r jag utmaningarna med s\u00f6mnbrist. Min f\u00f6rsta dotter sov d\u00e5ligt tills hon fyllde tre, och jag var st\u00e4ndigt utmattad. Sleep Sense har dock f\u00f6r\u00e4ndrat mitt liv och jag vill hj\u00e4lpa \u00e4ven dig att uppleva samma f\u00f6r\u00e4ndring. Trots vad vi ofta f\u00e5r h\u00f6ra, \u00e4r s\u00f6mnbrist INTE en oundviklig del av moderskapet. Att sova b\u00e4ttre p\u00e5 natten ger dig energi att leka med dina barn under dagen och ger dig mer tid f\u00f6r dig sj\u00e4lv eller med din partner! Dessutom kommer ditt barn att vara mer utvilat och kunna somna och sova sj\u00e4lvst\u00e4ndigt, vilket \u00e4r en av de b\u00e4sta g\u00e5vorna du kan ge dem.     <\/p>\t\t\t\t\t\t\t\t<\/div>\n\t\t\t\t<\/div>\n\t\t\t\t<div class=\"elementor-element elementor-element-990eb76 elementor-align-left elementor-tablet-align-center elementor-widget elementor-widget-button\" data-id=\"990eb76\" data-element_type=\"widget\" data-widget_type=\"button.default\">\n\t\t\t\t<div class=\"elementor-widget-container\">\n\t\t\t\t\t\t\t\t\t<div class=\"elementor-button-wrapper\">\n\t\t\t\t\t<a class=\"elementor-button elementor-button-link elementor-size-sm\" href=\"https:\/\/vrjsleepconsulting.com\/sv\/om-mig\/\">\n\t\t\t\t\t\t<span class=\"elementor-button-content-wrapper\">\n\t\t\t\t\t\t\t\t\t<span class=\"elementor-button-text\">L\u00e4s mer<\/span>\n\t\t\t\t\t<\/span>\n\t\t\t\t\t<\/a>\n\t\t\t\t<\/div>\n\t\t\t\t\t\t\t\t<\/div>\n\t\t\t\t<\/div>\n\t\t\t\t\t<\/div>\n\t\t<\/div>\n\t\t\t\t\t<\/div>\n\t\t<\/section>\n\t\t\t\t<section class=\"elementor-section elementor-top-section elementor-element elementor-element-64ce470 elementor-section-content-middle elementor-section-boxed elementor-section-height-default elementor-section-height-default\" data-id=\"64ce470\" data-element_type=\"section\" data-settings=\"{&quot;background_background&quot;:&quot;classic&quot;}\">\n\t\t\t\t\t\t<div class=\"elementor-container elementor-column-gap-default\">\n\t\t\t\t\t<div class=\"elementor-column elementor-col-50 elementor-top-column elementor-element elementor-element-574b503\" data-id=\"574b503\" data-element_type=\"column\">\n\t\t\t<div class=\"elementor-widget-wrap elementor-element-populated\">\n\t\t\t\t\t\t<div class=\"elementor-element elementor-element-3e17749 elementor-widget elementor-widget-heading\" data-id=\"3e17749\" data-element_type=\"widget\" data-widget_type=\"heading.default\">\n\t\t\t\t<div class=\"elementor-widget-container\">\n\t\t\t\t\t<h2 class=\"elementor-heading-title elementor-size-default\">S\u00f6mnens betydelse<\/h2>\t\t\t\t<\/div>\n\t\t\t\t<\/div>\n\t\t\t\t<div class=\"elementor-element elementor-element-5a59806 elementor-widget elementor-widget-text-editor\" data-id=\"5a59806\" data-element_type=\"widget\" data-widget_type=\"text-editor.default\">\n\t\t\t\t<div class=\"elementor-widget-container\">\n\t\t\t\t\t\t\t\t\t<p>Visste du att s\u00f6mn spelar en mycket avg\u00f6rande roll i v\u00e5ra barns utveckling?<\/p><p>Forskning har visat att s\u00f6mn p\u00e5verkar uppm\u00e4rksamhet, vakenhet, hum\u00f6r, ordf\u00f6rr\u00e5d, kognitiv utveckling, fysisk utveckling och mycket mer.<\/p><p>Om ditt barn har sv\u00e5rt att sova finns jag h\u00e4r f\u00f6r att hj\u00e4lpa dig. Att f\u00f6rb\u00e4ttra ditt barns s\u00f6mn gynnar b\u00e5de dig och din lilla. Kom ih\u00e5g att en god natts s\u00f6mn \u00e4r viktig f\u00f6r oss alla \ud83d\ude0a.  <\/p>\t\t\t\t\t\t\t\t<\/div>\n\t\t\t\t<\/div>\n\t\t\t\t<div class=\"elementor-element elementor-element-3b1ed2b elementor-align-left elementor-tablet-align-center elementor-widget elementor-widget-button\" data-id=\"3b1ed2b\" data-element_type=\"widget\" data-widget_type=\"button.default\">\n\t\t\t\t<div class=\"elementor-widget-container\">\n\t\t\t\t\t\t\t\t\t<div class=\"elementor-button-wrapper\">\n\t\t\t\t\t<a class=\"elementor-button elementor-button-link elementor-size-sm\" href=\"https:\/\/vrjsleepconsulting.com\/sv\/kontakt\/\">\n\t\t\t\t\t\t<span class=\"elementor-button-content-wrapper\">\n\t\t\t\t\t\t\t\t\t<span class=\"elementor-button-text\">Kontakta mig!<\/span>\n\t\t\t\t\t<\/span>\n\t\t\t\t\t<\/a>\n\t\t\t\t<\/div>\n\t\t\t\t\t\t\t\t<\/div>\n\t\t\t\t<\/div>\n\t\t\t\t\t<\/div>\n\t\t<\/div>\n\t\t\t\t<div class=\"elementor-column elementor-col-50 elementor-top-column elementor-element elementor-element-6c6e56b\" data-id=\"6c6e56b\" data-element_type=\"column\">\n\t\t\t<div class=\"elementor-widget-wrap elementor-element-populated\">\n\t\t\t\t\t\t<div class=\"elementor-element elementor-element-277e9a5 elementor-widget elementor-widget-image\" data-id=\"277e9a5\" data-element_type=\"widget\" data-widget_type=\"image.default\">\n\t\t\t\t<div class=\"elementor-widget-container\">\n\t\t\t\t\t\t\t\t\t\t\t\t\t\t\t<img loading=\"lazy\" decoding=\"async\" width=\"800\" height=\"533\" src=\"https:\/\/vrjsleepconsulting.com\/wp-content\/uploads\/2023\/07\/The-importance-of-sleep.webp\" class=\"attachment-large size-large wp-image-2051\" alt=\"\" srcset=\"https:\/\/vrjsleepconsulting.com\/wp-content\/uploads\/2023\/07\/The-importance-of-sleep.webp 900w, https:\/\/vrjsleepconsulting.com\/wp-content\/uploads\/2023\/07\/The-importance-of-sleep-300x200.webp 300w, https:\/\/vrjsleepconsulting.com\/wp-content\/uploads\/2023\/07\/The-importance-of-sleep-768x512.webp 768w\" sizes=\"(max-width: 800px) 100vw, 800px\" \/>\t\t\t\t\t\t\t\t\t\t\t\t\t\t\t<\/div>\n\t\t\t\t<\/div>\n\t\t\t\t\t<\/div>\n\t\t<\/div>\n\t\t\t\t\t<\/div>\n\t\t<\/section>\n\t\t\t\t<\/div>\n\t\t","protected":false},"excerpt":{"rendered":"<p>\u201cS\u00f6mn \u00e4r den viktigaste aspekten av ett barns liv, efter mat och vatten. Det \u00e4r grunden f\u00f6r fysisk och mental h\u00e4lsa.\u201d &#8211; Dr. Nandini Mundkur. Vanessa Redaelli Member ID: 93705145 Membership &#8211; Regular V\u00e4lkommen till VRJsleepconsulting. Som tv\u00e5barnsmamma f\u00f6rst\u00e5r jag utmaningarna med s\u00f6mnbrist. Min f\u00f6rsta dotter sov d\u00e5ligt tills hon fyllde tre, och jag var [&hellip;]<\/p>\n","protected":false},"author":1,"featured_media":0,"parent":0,"menu_order":0,"comment_status":"closed","ping_status":"closed","template":"","meta":{"inline_featured_image":false,"footnotes":""},"class_list":["post-2053","page","type-page","status-publish","hentry"],"_links":{"self":[{"href":"https:\/\/vrjsleepconsulting.com\/sv\/wp-json\/wp\/v2\/pages\/2053","targetHints":{"allow":["GET"]}}],"collection":[{"href":"https:\/\/vrjsleepconsulting.com\/sv\/wp-json\/wp\/v2\/pages"}],"about":[{"href":"https:\/\/vrjsleepconsulting.com\/sv\/wp-json\/wp\/v2\/types\/page"}],"author":[{"embeddable":true,"href":"https:\/\/vrjsleepconsulting.com\/sv\/wp-json\/wp\/v2\/users\/1"}],"replies":[{"embeddable":true,"href":"https:\/\/vrjsleepconsulting.com\/sv\/wp-json\/wp\/v2\/comments?post=2053"}],"version-history":[{"count":1,"href":"https:\/\/vrjsleepconsulting.com\/sv\/wp-json\/wp\/v2\/pages\/2053\/revisions"}],"predecessor-version":[{"id":2057,"href":"https:\/\/vrjsleepconsulting.com\/sv\/wp-json\/wp\/v2\/pages\/2053\/revisions\/2057"}],"wp:attachment":[{"href":"https:\/\/vrjsleepconsulting.com\/sv\/wp-json\/wp\/v2\/media?parent=2053"}],"curies":[{"name":"wp","href":"https:\/\/api.w.org\/{rel}","templated":true}]}}