{"id":2045,"date":"2023-06-26T07:37:51","date_gmt":"2023-06-26T07:37:51","guid":{"rendered":"https:\/\/vrjsleepconsulting.com\/om-mig\/"},"modified":"2025-09-15T15:47:02","modified_gmt":"2025-09-15T15:47:02","slug":"om-mig","status":"publish","type":"page","link":"https:\/\/vrjsleepconsulting.com\/sv\/om-mig\/","title":{"rendered":"Om mig"},"content":{"rendered":"\t\t<div data-elementor-type=\"wp-page\" data-elementor-id=\"2045\" class=\"elementor elementor-2045 elementor-23\" data-elementor-post-type=\"page\">\n\t\t\t\t\t\t<section class=\"elementor-section elementor-top-section elementor-element elementor-element-64a01b3 elementor-section-content-middle elementor-section-boxed elementor-section-height-default elementor-section-height-default\" data-id=\"64a01b3\" data-element_type=\"section\" data-e-type=\"section\">\n\t\t\t\t\t\t<div class=\"elementor-container elementor-column-gap-default\">\n\t\t\t\t\t<div class=\"elementor-column elementor-col-100 elementor-top-column elementor-element elementor-element-08d0551\" data-id=\"08d0551\" data-element_type=\"column\" data-e-type=\"column\">\n\t\t\t<div class=\"elementor-widget-wrap elementor-element-populated\">\n\t\t\t\t\t\t<div class=\"elementor-element elementor-element-f5b6699 elementor-widget elementor-widget-image\" data-id=\"f5b6699\" data-element_type=\"widget\" data-e-type=\"widget\" data-widget_type=\"image.default\">\n\t\t\t\t<div class=\"elementor-widget-container\">\n\t\t\t\t\t\t\t\t\t\t\t\t\t\t\t<img fetchpriority=\"high\" decoding=\"async\" width=\"900\" height=\"900\" src=\"https:\/\/vrjsleepconsulting.com\/wp-content\/uploads\/2023\/07\/Vanessa.jpg\" class=\"attachment-full size-full wp-image-2044\" alt=\"Vanessa\" srcset=\"https:\/\/vrjsleepconsulting.com\/wp-content\/uploads\/2023\/07\/Vanessa.jpg 900w, https:\/\/vrjsleepconsulting.com\/wp-content\/uploads\/2023\/07\/Vanessa-300x300.jpg 300w, https:\/\/vrjsleepconsulting.com\/wp-content\/uploads\/2023\/07\/Vanessa-150x150.jpg 150w, https:\/\/vrjsleepconsulting.com\/wp-content\/uploads\/2023\/07\/Vanessa-768x768.jpg 768w\" sizes=\"(max-width: 900px) 100vw, 900px\" \/>\t\t\t\t\t\t\t\t\t\t\t\t\t\t\t<\/div>\n\t\t\t\t<\/div>\n\t\t\t\t\t<\/div>\n\t\t<\/div>\n\t\t\t\t\t<\/div>\n\t\t<\/section>\n\t\t\t\t<section class=\"elementor-section elementor-top-section elementor-element elementor-element-efc9206 elementor-section-content-middle elementor-section-boxed elementor-section-height-default elementor-section-height-default\" data-id=\"efc9206\" data-element_type=\"section\" data-e-type=\"section\">\n\t\t\t\t\t\t<div class=\"elementor-container elementor-column-gap-default\">\n\t\t\t\t\t<div class=\"elementor-column elementor-col-100 elementor-top-column elementor-element elementor-element-980cd5b\" data-id=\"980cd5b\" data-element_type=\"column\" data-e-type=\"column\">\n\t\t\t<div class=\"elementor-widget-wrap elementor-element-populated\">\n\t\t\t\t\t\t<div class=\"elementor-element elementor-element-98b9666 e-transform elementor-absolute elementor-widget elementor-widget-heading\" data-id=\"98b9666\" data-element_type=\"widget\" data-e-type=\"widget\" data-settings=\"{&quot;_transform_rotateZ_effect&quot;:{&quot;unit&quot;:&quot;px&quot;,&quot;size&quot;:-20,&quot;sizes&quot;:[]},&quot;_position&quot;:&quot;absolute&quot;,&quot;_transform_rotateZ_effect_tablet&quot;:{&quot;unit&quot;:&quot;deg&quot;,&quot;size&quot;:&quot;&quot;,&quot;sizes&quot;:[]},&quot;_transform_rotateZ_effect_mobile&quot;:{&quot;unit&quot;:&quot;deg&quot;,&quot;size&quot;:&quot;&quot;,&quot;sizes&quot;:[]}}\" data-widget_type=\"heading.default\">\n\t\t\t\t<div class=\"elementor-widget-container\">\n\t\t\t\t\t<h2 class=\"elementor-heading-title elementor-size-default\">Hej!<\/h2>\t\t\t\t<\/div>\n\t\t\t\t<\/div>\n\t\t\t\t<div class=\"elementor-element elementor-element-a749f01 elementor-widget elementor-widget-text-editor\" data-id=\"a749f01\" data-element_type=\"widget\" data-e-type=\"widget\" data-widget_type=\"text-editor.default\">\n\t\t\t\t<div class=\"elementor-widget-container\">\n\t\t\t\t\t\t\t\t\t<p>Jag heter <b>Vanessa<\/b> och \u00e4ven om jag ursprungligen kommer fr\u00e5n Italien har jag bott utomlands i \u00f6ver 12 \u00e5r. Jag \u00e4r mamma till tv\u00e5 barn: en dotter som \u00e4r f\u00f6dd i Norge och en son som \u00e4r f\u00f6dd i Schweiz. Nyligen flyttade jag och min familj tillbaka till Italien.<\/p>\n<p>Min dotter sov d\u00e5ligt fram till tre \u00e5rs \u00e5lder, och jag trodde att jag helt enkelt beh\u00f6vde v\u00e4nta tills hon till slut skulle sova hela n\u00e4tter. Men n\u00e4r den dagen \u00e4ntligen kom var jag helt utmattad och mitt \u00e4ktenskap p\u00e5verkades ocks\u00e5. N\u00e4r vi best\u00e4mde oss f\u00f6r att skaffa ett barn till lovade vi att s\u00f6ka hj\u00e4lp om \u00e4ven han eller hon hade s\u00f6mnsv\u00e5righeter. Tyv\u00e4rr f\u00f6ddes min son med sv\u00e5r reflux och sov ocks\u00e5 d\u00e5ligt. N\u00e4r han var fyra m\u00e5nader f\u00f6r\u00e4ndrade dock en Sleep Sense-konsult v\u00e5ra liv fullst\u00e4ndigt.<\/p>\n<p>Som ett resultat best\u00e4mde jag mig f\u00f6r att ge mig in p\u00e5 den h\u00e4r resan f\u00f6r att hj\u00e4lpa s\u00e5 m\u00e5nga familjer som m\u00f6jligt att f\u00e5 den vila de f\u00f6rtj\u00e4nar. F\u00f6rutom att vara certifierad Sleep Sense-konsult \u00e4r jag \u00e4ven utbildad i Montessori-pedagogik och har arbetat med barn s\u00e5 l\u00e4nge jag kan minnas.<\/p>\n<p>Just nu studerar jag psykologi f\u00f6r att f\u00f6rdjupa mina kunskaper och kunna erbjuda \u00e4nnu b\u00e4ttre st\u00f6d som s\u00f6mnkonsult.<\/p>\t\t\t\t\t\t\t\t<\/div>\n\t\t\t\t<\/div>\n\t\t\t\t\t<\/div>\n\t\t<\/div>\n\t\t\t\t\t<\/div>\n\t\t<\/section>\n\t\t\t\t<\/div>\n\t\t","protected":false},"excerpt":{"rendered":"<p>Hej! Jag heter Vanessa och \u00e4ven om jag ursprungligen kommer fr\u00e5n Italien har jag bott utomlands i \u00f6ver 12 \u00e5r. Jag \u00e4r mamma till tv\u00e5 barn: en dotter som \u00e4r f\u00f6dd i Norge och en son som \u00e4r f\u00f6dd i Schweiz. Nyligen flyttade jag och min familj tillbaka till Italien. Min dotter sov d\u00e5ligt fram [&hellip;]<\/p>\n","protected":false},"author":1,"featured_media":0,"parent":0,"menu_order":0,"comment_status":"closed","ping_status":"closed","template":"","meta":{"inline_featured_image":false,"footnotes":""},"class_list":["post-2045","page","type-page","status-publish","hentry"],"_links":{"self":[{"href":"https:\/\/vrjsleepconsulting.com\/sv\/wp-json\/wp\/v2\/pages\/2045","targetHints":{"allow":["GET"]}}],"collection":[{"href":"https:\/\/vrjsleepconsulting.com\/sv\/wp-json\/wp\/v2\/pages"}],"about":[{"href":"https:\/\/vrjsleepconsulting.com\/sv\/wp-json\/wp\/v2\/types\/page"}],"author":[{"embeddable":true,"href":"https:\/\/vrjsleepconsulting.com\/sv\/wp-json\/wp\/v2\/users\/1"}],"replies":[{"embeddable":true,"href":"https:\/\/vrjsleepconsulting.com\/sv\/wp-json\/wp\/v2\/comments?post=2045"}],"version-history":[{"count":1,"href":"https:\/\/vrjsleepconsulting.com\/sv\/wp-json\/wp\/v2\/pages\/2045\/revisions"}],"predecessor-version":[{"id":2046,"href":"https:\/\/vrjsleepconsulting.com\/sv\/wp-json\/wp\/v2\/pages\/2045\/revisions\/2046"}],"wp:attachment":[{"href":"https:\/\/vrjsleepconsulting.com\/sv\/wp-json\/wp\/v2\/media?parent=2045"}],"curies":[{"name":"wp","href":"https:\/\/api.w.org\/{rel}","templated":true}]}}