{"id":1491,"date":"2023-06-26T07:36:27","date_gmt":"2023-06-26T07:36:27","guid":{"rendered":"https:\/\/vrjsleepconsulting.com\/filosofia-del-sonno\/"},"modified":"2023-07-06T11:57:30","modified_gmt":"2023-07-06T11:57:30","slug":"filosofia-del-sonno","status":"publish","type":"page","link":"https:\/\/vrjsleepconsulting.com\/it\/filosofia-del-sonno\/","title":{"rendered":"Approccio"},"content":{"rendered":"\t\t<div data-elementor-type=\"wp-page\" data-elementor-id=\"1491\" class=\"elementor elementor-1491 elementor-15\" data-elementor-post-type=\"page\">\n\t\t\t\t\t\t<section class=\"elementor-section elementor-top-section elementor-element elementor-element-b80499b elementor-section-full_width elementor-section-content-middle elementor-section-height-default elementor-section-height-default\" data-id=\"b80499b\" data-element_type=\"section\" data-settings=\"{&quot;background_background&quot;:&quot;classic&quot;}\">\n\t\t\t\t\t\t\t<div class=\"elementor-background-overlay\"><\/div>\n\t\t\t\t\t\t\t<div class=\"elementor-container elementor-column-gap-default\">\n\t\t\t\t\t<div class=\"elementor-column elementor-col-100 elementor-top-column elementor-element elementor-element-31f81f3\" data-id=\"31f81f3\" data-element_type=\"column\" data-settings=\"{&quot;background_background&quot;:&quot;classic&quot;}\">\n\t\t\t<div class=\"elementor-widget-wrap elementor-element-populated\">\n\t\t\t\t\t\t<div class=\"elementor-element elementor-element-0cdf31c elementor-widget elementor-widget-heading\" data-id=\"0cdf31c\" data-element_type=\"widget\" data-widget_type=\"heading.default\">\n\t\t\t\t<div class=\"elementor-widget-container\">\n\t\t\t\t\t<h2 class=\"elementor-heading-title elementor-size-default\">Filosofia del sonno<\/h2>\t\t\t\t<\/div>\n\t\t\t\t<\/div>\n\t\t\t\t\t<\/div>\n\t\t<\/div>\n\t\t\t\t\t<\/div>\n\t\t<\/section>\n\t\t\t\t<section class=\"elementor-section elementor-top-section elementor-element elementor-element-37a6e80 elementor-section-content-middle elementor-section-boxed elementor-section-height-default elementor-section-height-default\" data-id=\"37a6e80\" data-element_type=\"section\">\n\t\t\t\t\t\t<div class=\"elementor-container elementor-column-gap-default\">\n\t\t\t\t\t<div class=\"elementor-column elementor-col-100 elementor-top-column elementor-element elementor-element-39a6a28\" data-id=\"39a6a28\" data-element_type=\"column\">\n\t\t\t<div class=\"elementor-widget-wrap elementor-element-populated\">\n\t\t\t\t\t\t<div class=\"elementor-element elementor-element-9c3f752 elementor-widget elementor-widget-text-editor\" data-id=\"9c3f752\" data-element_type=\"widget\" data-widget_type=\"text-editor.default\">\n\t\t\t\t<div class=\"elementor-widget-container\">\n\t\t\t\t\t\t\t\t\t<p>Quando siamo in dolce attesa ci sentiamo spesso dire:\u201d Dormi adesso finche` puoi perch\u00e9` poi non dormirai pi\u00f9!\u201d. Questa credenza non \u00e8 del tutto vera. Insegnando al tuo bambino tecniche di addormentamento autonomo gi\u00e0 dal principio potrai mettere le basi per un buon sonno futuro e migliorare la qualit\u00e0 di vita di tutta la famiglia. Il mio metodo personalizzato tiene in considerazione i bisogni del tuo bambino, la sua personalit\u00e0 e anche i bisogni della famiglia. Ti sar\u00f2 di supporto giorno dopo giorno per assicurarmi che raggiungeremo il nostro obbiettivo. Ricordati che dormire \u00e8 importante tanto quando mangiare e bere ma non ti dimenticheresti mai di dare da mangiare al tuo bambino, vero? E allora cosa aspetti? Contattami per ritornare a dormire serenamente.<\/p>\n\t\t\t\t\t\t\t\t<\/div>\n\t\t\t\t<\/div>\n\t\t\t\t\t<\/div>\n\t\t<\/div>\n\t\t\t\t\t<\/div>\n\t\t<\/section>\n\t\t\t\t<section class=\"elementor-section elementor-top-section elementor-element elementor-element-7dee51c elementor-section-content-middle elementor-section-boxed elementor-section-height-default elementor-section-height-default\" data-id=\"7dee51c\" data-element_type=\"section\">\n\t\t\t\t\t\t<div class=\"elementor-container elementor-column-gap-default\">\n\t\t\t\t\t<div class=\"elementor-column elementor-col-50 elementor-top-column elementor-element elementor-element-96c09dc\" data-id=\"96c09dc\" data-element_type=\"column\">\n\t\t\t<div class=\"elementor-widget-wrap elementor-element-populated\">\n\t\t\t\t\t\t<div class=\"elementor-element elementor-element-2551367 elementor-widget elementor-widget-image\" data-id=\"2551367\" data-element_type=\"widget\" data-widget_type=\"image.default\">\n\t\t\t\t<div class=\"elementor-widget-container\">\n\t\t\t\t\t\t\t\t\t\t\t\t\t\t\t<img fetchpriority=\"high\" decoding=\"async\" width=\"600\" height=\"437\" src=\"https:\/\/vrjsleepconsulting.com\/wp-content\/uploads\/2023\/07\/a-few-words-about-crying.jpg\" class=\"attachment-large size-large wp-image-1462\" alt=\"\" srcset=\"https:\/\/vrjsleepconsulting.com\/wp-content\/uploads\/2023\/07\/a-few-words-about-crying.jpg 600w, https:\/\/vrjsleepconsulting.com\/wp-content\/uploads\/2023\/07\/a-few-words-about-crying-300x219.jpg 300w\" sizes=\"(max-width: 600px) 100vw, 600px\" \/>\t\t\t\t\t\t\t\t\t\t\t\t\t\t\t<\/div>\n\t\t\t\t<\/div>\n\t\t\t\t\t<\/div>\n\t\t<\/div>\n\t\t\t\t<div class=\"elementor-column elementor-col-50 elementor-top-column elementor-element elementor-element-483e502\" data-id=\"483e502\" data-element_type=\"column\">\n\t\t\t<div class=\"elementor-widget-wrap elementor-element-populated\">\n\t\t\t\t\t\t<div class=\"elementor-element elementor-element-4686afa elementor-widget elementor-widget-heading\" data-id=\"4686afa\" data-element_type=\"widget\" data-widget_type=\"heading.default\">\n\t\t\t\t<div class=\"elementor-widget-container\">\n\t\t\t\t\t<h2 class=\"elementor-heading-title elementor-size-default\">Alcune considerazioni sul pianto<\/h2>\t\t\t\t<\/div>\n\t\t\t\t<\/div>\n\t\t\t\t<div class=\"elementor-element elementor-element-b9528a4 elementor-widget elementor-widget-text-editor\" data-id=\"b9528a4\" data-element_type=\"widget\" data-widget_type=\"text-editor.default\">\n\t\t\t\t<div class=\"elementor-widget-container\">\n\t\t\t\t\t\t\t\t\t<p>Nonostante ci sar\u00e0 del pianto ricordati che piangere \u00e8 il modo in cui il tuo bambino reagisce davanti ad un cambiamento. Puoi stare tranquilla che mai ti chieder\u00f2 di lasciare il tuo bambino da solo. Tu sarai l\u00ec al suo fianco mentre impara tecniche di addormentamento autonomo per poter poi dormire in modo continuativo la notte. Questo lo far\u00e0 sentire supportato e accompagnato.<\/p>\n\t\t\t\t\t\t\t\t<\/div>\n\t\t\t\t<\/div>\n\t\t\t\t\t<\/div>\n\t\t<\/div>\n\t\t\t\t\t<\/div>\n\t\t<\/section>\n\t\t\t\t<\/div>\n\t\t","protected":false},"excerpt":{"rendered":"<p>Filosofia del sonno Quando siamo in dolce attesa ci sentiamo spesso dire:\u201d Dormi adesso finche` puoi perch\u00e9` poi non dormirai pi\u00f9!\u201d. Questa credenza non \u00e8 del tutto vera. Insegnando al tuo bambino tecniche di addormentamento autonomo gi\u00e0 dal principio potrai mettere le basi per un buon sonno futuro e migliorare la qualit\u00e0 di vita di [&hellip;]<\/p>\n","protected":false},"author":1,"featured_media":0,"parent":0,"menu_order":0,"comment_status":"closed","ping_status":"closed","template":"","meta":{"inline_featured_image":false,"footnotes":""},"class_list":["post-1491","page","type-page","status-publish","hentry"],"_links":{"self":[{"href":"https:\/\/vrjsleepconsulting.com\/it\/wp-json\/wp\/v2\/pages\/1491","targetHints":{"allow":["GET"]}}],"collection":[{"href":"https:\/\/vrjsleepconsulting.com\/it\/wp-json\/wp\/v2\/pages"}],"about":[{"href":"https:\/\/vrjsleepconsulting.com\/it\/wp-json\/wp\/v2\/types\/page"}],"author":[{"embeddable":true,"href":"https:\/\/vrjsleepconsulting.com\/it\/wp-json\/wp\/v2\/users\/1"}],"replies":[{"embeddable":true,"href":"https:\/\/vrjsleepconsulting.com\/it\/wp-json\/wp\/v2\/comments?post=1491"}],"version-history":[{"count":0,"href":"https:\/\/vrjsleepconsulting.com\/it\/wp-json\/wp\/v2\/pages\/1491\/revisions"}],"wp:attachment":[{"href":"https:\/\/vrjsleepconsulting.com\/it\/wp-json\/wp\/v2\/media?parent=1491"}],"curies":[{"name":"wp","href":"https:\/\/api.w.org\/{rel}","templated":true}]}}