{"id":1483,"date":"2023-06-26T07:35:54","date_gmt":"2023-06-26T07:35:54","guid":{"rendered":"https:\/\/vrjsleepconsulting.com\/home\/"},"modified":"2025-09-14T09:40:13","modified_gmt":"2025-09-14T09:40:13","slug":"home","status":"publish","type":"page","link":"https:\/\/vrjsleepconsulting.com\/it\/","title":{"rendered":"Home"},"content":{"rendered":"\t\t<div data-elementor-type=\"wp-page\" data-elementor-id=\"1483\" class=\"elementor elementor-1483 elementor-8\" data-elementor-post-type=\"page\">\n\t\t\t\t\t\t<section class=\"elementor-section elementor-top-section elementor-element elementor-element-076ffbd elementor-section-full_width elementor-section-height-min-height elementor-section-content-middle elementor-section-height-default elementor-section-items-middle\" data-id=\"076ffbd\" data-element_type=\"section\" data-settings=\"{&quot;background_background&quot;:&quot;classic&quot;,&quot;shape_divider_bottom&quot;:&quot;book&quot;}\">\n\t\t\t\t\t<div class=\"elementor-shape elementor-shape-bottom\" aria-hidden=\"true\" data-negative=\"false\">\n\t\t\t<svg xmlns=\"http:\/\/www.w3.org\/2000\/svg\" viewBox=\"0 0 1000 100\" preserveAspectRatio=\"none\">\n\t<path class=\"elementor-shape-fill\" d=\"M194,99c186.7,0.7,305-78.3,306-97.2c1,18.9,119.3,97.9,306,97.2c114.3-0.3,194,0.3,194,0.3s0-91.7,0-100c0,0,0,0,0-0 L0,0v99.3C0,99.3,79.7,98.7,194,99z\"\/>\n<\/svg>\t\t<\/div>\n\t\t\t\t\t<div class=\"elementor-container elementor-column-gap-default\">\n\t\t\t\t\t<div class=\"elementor-column elementor-col-50 elementor-top-column elementor-element elementor-element-5174c59\" data-id=\"5174c59\" data-element_type=\"column\" data-settings=\"{&quot;background_background&quot;:&quot;classic&quot;}\">\n\t\t\t<div class=\"elementor-widget-wrap elementor-element-populated\">\n\t\t\t\t\t\t<div class=\"elementor-element elementor-element-7e21285 elementor-widget elementor-widget-heading\" data-id=\"7e21285\" data-element_type=\"widget\" data-widget_type=\"heading.default\">\n\t\t\t\t<div class=\"elementor-widget-container\">\n\t\t\t\t\t<h2 class=\"elementor-heading-title elementor-size-default\">\u201cDormire \u00e8 l'aspetto pi\u00f9 importante nella vita di un bambino, dopo il cibo e l'acqua. \u00c8 la base dello sviluppo fisico e mentale\u201d<\/h2>\t\t\t\t<\/div>\n\t\t\t\t<\/div>\n\t\t\t\t<div class=\"elementor-element elementor-element-8e52834 elementor-widget elementor-widget-heading\" data-id=\"8e52834\" data-element_type=\"widget\" data-widget_type=\"heading.default\">\n\t\t\t\t<div class=\"elementor-widget-container\">\n\t\t\t\t\t<h2 class=\"elementor-heading-title elementor-size-default\"><em>- Dr. Nandini Mundkur.<\/em><\/h2>\t\t\t\t<\/div>\n\t\t\t\t<\/div>\n\t\t\t\t\t<\/div>\n\t\t<\/div>\n\t\t\t\t<div class=\"elementor-column elementor-col-50 elementor-top-column elementor-element elementor-element-5e51055\" data-id=\"5e51055\" data-element_type=\"column\" data-settings=\"{&quot;background_background&quot;:&quot;classic&quot;}\">\n\t\t\t<div class=\"elementor-widget-wrap elementor-element-populated\">\n\t\t\t\t\t\t<div class=\"elementor-element elementor-element-368a63c elementor-widget elementor-widget-spacer\" data-id=\"368a63c\" data-element_type=\"widget\" data-widget_type=\"spacer.default\">\n\t\t\t\t<div class=\"elementor-widget-container\">\n\t\t\t\t\t\t\t<div class=\"elementor-spacer\">\n\t\t\t<div class=\"elementor-spacer-inner\"><\/div>\n\t\t<\/div>\n\t\t\t\t\t\t<\/div>\n\t\t\t\t<\/div>\n\t\t\t\t\t<\/div>\n\t\t<\/div>\n\t\t\t\t\t<\/div>\n\t\t<\/section>\n\t\t\t\t<section class=\"elementor-section elementor-top-section elementor-element elementor-element-b14de23 elementor-section-boxed elementor-section-height-default elementor-section-height-default\" data-id=\"b14de23\" data-element_type=\"section\">\n\t\t\t\t\t\t<div class=\"elementor-container elementor-column-gap-default\">\n\t\t\t\t\t<div class=\"elementor-column elementor-col-25 elementor-top-column elementor-element elementor-element-5b1da3e\" data-id=\"5b1da3e\" data-element_type=\"column\">\n\t\t\t<div class=\"elementor-widget-wrap\">\n\t\t\t\t\t\t\t<\/div>\n\t\t<\/div>\n\t\t\t\t<div class=\"elementor-column elementor-col-25 elementor-top-column elementor-element elementor-element-2f41890\" data-id=\"2f41890\" data-element_type=\"column\">\n\t\t\t<div class=\"elementor-widget-wrap elementor-element-populated\">\n\t\t\t\t\t\t<div class=\"elementor-element elementor-element-2baf275 elementor-widget elementor-widget-image\" data-id=\"2baf275\" data-element_type=\"widget\" data-widget_type=\"image.default\">\n\t\t\t\t<div class=\"elementor-widget-container\">\n\t\t\t\t\t\t\t\t\t\t\t\t\t\t\t<img fetchpriority=\"high\" decoding=\"async\" width=\"800\" height=\"828\" src=\"https:\/\/vrjsleepconsulting.com\/wp-content\/uploads\/2025\/09\/IACSC-logo.png\" class=\"attachment-large size-large wp-image-1980\" alt=\"\" srcset=\"https:\/\/vrjsleepconsulting.com\/wp-content\/uploads\/2025\/09\/IACSC-logo.png.webp 800w, https:\/\/vrjsleepconsulting.com\/wp-content\/uploads\/2025\/09\/IACSC-logo-290x300.png.webp 290w, https:\/\/vrjsleepconsulting.com\/wp-content\/uploads\/2025\/09\/IACSC-logo-768x795.png.webp 768w\" sizes=\"(max-width: 800px) 100vw, 800px\" \/>\t\t\t\t\t\t\t\t\t\t\t\t\t\t\t<\/div>\n\t\t\t\t<\/div>\n\t\t\t\t\t<\/div>\n\t\t<\/div>\n\t\t\t\t<div class=\"elementor-column elementor-col-25 elementor-top-column elementor-element elementor-element-069bc42\" data-id=\"069bc42\" data-element_type=\"column\">\n\t\t\t<div class=\"elementor-widget-wrap elementor-element-populated\">\n\t\t\t\t\t\t<div class=\"elementor-element elementor-element-ab5785e elementor-widget elementor-widget-image\" data-id=\"ab5785e\" data-element_type=\"widget\" data-widget_type=\"image.default\">\n\t\t\t\t<div class=\"elementor-widget-container\">\n\t\t\t\t\t\t\t\t\t\t\t\t\t\t\t<img decoding=\"async\" width=\"656\" height=\"380\" src=\"https:\/\/vrjsleepconsulting.com\/wp-content\/uploads\/2025\/09\/vrjsleep-ipsa-logo.png\" class=\"attachment-large size-large wp-image-1981\" alt=\"\" srcset=\"https:\/\/vrjsleepconsulting.com\/wp-content\/uploads\/2025\/09\/vrjsleep-ipsa-logo.png.webp 656w, https:\/\/vrjsleepconsulting.com\/wp-content\/uploads\/2025\/09\/vrjsleep-ipsa-logo-300x174.png.webp 300w\" sizes=\"(max-width: 656px) 100vw, 656px\" \/>\t\t\t\t\t\t\t\t\t\t\t\t\t\t\t<\/div>\n\t\t\t\t<\/div>\n\t\t\t\t<div class=\"elementor-element elementor-element-43426f7 elementor-widget elementor-widget-heading\" data-id=\"43426f7\" data-element_type=\"widget\" data-widget_type=\"heading.default\">\n\t\t\t\t<div class=\"elementor-widget-container\">\n\t\t\t\t\t<h2 class=\"elementor-heading-title elementor-size-default\">Vanessa Redaelli<\/h2>\t\t\t\t<\/div>\n\t\t\t\t<\/div>\n\t\t\t\t<div class=\"elementor-element elementor-element-4e9c765 elementor-widget elementor-widget-text-editor\" data-id=\"4e9c765\" data-element_type=\"widget\" data-widget_type=\"text-editor.default\">\n\t\t\t\t<div class=\"elementor-widget-container\">\n\t\t\t\t\t\t\t\t\t<p>Member ID: 93705145<\/p><p>Membership &#8211; Regular<\/p>\t\t\t\t\t\t\t\t<\/div>\n\t\t\t\t<\/div>\n\t\t\t\t\t<\/div>\n\t\t<\/div>\n\t\t\t\t<div class=\"elementor-column elementor-col-25 elementor-top-column elementor-element elementor-element-d09116a\" data-id=\"d09116a\" data-element_type=\"column\">\n\t\t\t<div class=\"elementor-widget-wrap\">\n\t\t\t\t\t\t\t<\/div>\n\t\t<\/div>\n\t\t\t\t\t<\/div>\n\t\t<\/section>\n\t\t\t\t<section class=\"elementor-section elementor-top-section elementor-element elementor-element-eba6924 elementor-section-content-middle elementor-reverse-tablet elementor-reverse-mobile elementor-section-boxed elementor-section-height-default elementor-section-height-default\" data-id=\"eba6924\" data-element_type=\"section\" data-settings=\"{&quot;background_background&quot;:&quot;classic&quot;}\">\n\t\t\t\t\t\t<div class=\"elementor-container elementor-column-gap-default\">\n\t\t\t\t\t<div class=\"elementor-column elementor-col-50 elementor-top-column elementor-element elementor-element-ad57dfb\" data-id=\"ad57dfb\" data-element_type=\"column\">\n\t\t\t<div class=\"elementor-widget-wrap elementor-element-populated\">\n\t\t\t\t\t\t<div class=\"elementor-element elementor-element-5bc8158 elementor-widget elementor-widget-image\" data-id=\"5bc8158\" data-element_type=\"widget\" data-widget_type=\"image.default\">\n\t\t\t\t<div class=\"elementor-widget-container\">\n\t\t\t\t\t\t\t\t\t\t\t\t\t\t\t<img decoding=\"async\" width=\"600\" height=\"880\" src=\"https:\/\/vrjsleepconsulting.com\/wp-content\/uploads\/2023\/07\/5AF85854-6E87-49FE-BBF1-5AC9329A21CF.webp\" class=\"attachment-large size-large wp-image-1626\" alt=\"\" srcset=\"https:\/\/vrjsleepconsulting.com\/wp-content\/uploads\/2023\/07\/5AF85854-6E87-49FE-BBF1-5AC9329A21CF.webp 600w, https:\/\/vrjsleepconsulting.com\/wp-content\/uploads\/2023\/07\/5AF85854-6E87-49FE-BBF1-5AC9329A21CF-205x300.webp 205w\" sizes=\"(max-width: 600px) 100vw, 600px\" \/>\t\t\t\t\t\t\t\t\t\t\t\t\t\t\t<\/div>\n\t\t\t\t<\/div>\n\t\t\t\t\t<\/div>\n\t\t<\/div>\n\t\t\t\t<div class=\"elementor-column elementor-col-50 elementor-top-column elementor-element elementor-element-9e0986f\" data-id=\"9e0986f\" data-element_type=\"column\">\n\t\t\t<div class=\"elementor-widget-wrap elementor-element-populated\">\n\t\t\t\t\t\t<div class=\"elementor-element elementor-element-c7243f8 elementor-widget elementor-widget-heading\" data-id=\"c7243f8\" data-element_type=\"widget\" data-widget_type=\"heading.default\">\n\t\t\t\t<div class=\"elementor-widget-container\">\n\t\t\t\t\t<h2 class=\"elementor-heading-title elementor-size-default\">Benvenuti da VRJsleepconsulting.<\/h2>\t\t\t\t<\/div>\n\t\t\t\t<\/div>\n\t\t\t\t<div class=\"elementor-element elementor-element-5edc72e elementor-widget elementor-widget-text-editor\" data-id=\"5edc72e\" data-element_type=\"widget\" data-widget_type=\"text-editor.default\">\n\t\t\t\t<div class=\"elementor-widget-container\">\n\t\t\t\t\t\t\t\t\t<p>Da mamma di due bambini, capisco le difficolt\u00e0 date dalla privazione di sonno. La mia prima figlia ha dormito male fino all\u2019et\u00e0 di tre anni e io ero continuamente esausta. Fortunatamente, Sleep Sense mi ha cambiato la vita e mi piacerebbe che tu possa vivere lo stesso cambiamento. Nonostante quello che spesso ci dicono, la privazione di sonno non \u00e8 una parte inevitabile della maternit\u00e0`. Dormire meglio la notte ti dar\u00e0 pi\u00f9 energia per giocare con I tuoi bambini e anche avere pi\u00f9 tempo per te stessa o con il tuo partner. Inoltre, il tuo bambino sar\u00e0 pi\u00f9 riposato e potr\u00e0 addormentarsi in modo autonomo, uno dei regali migliori che tu possa fargli.<\/p>\t\t\t\t\t\t\t\t<\/div>\n\t\t\t\t<\/div>\n\t\t\t\t<div class=\"elementor-element elementor-element-990eb76 elementor-align-left elementor-tablet-align-center elementor-widget elementor-widget-button\" data-id=\"990eb76\" data-element_type=\"widget\" data-widget_type=\"button.default\">\n\t\t\t\t<div class=\"elementor-widget-container\">\n\t\t\t\t\t\t\t\t\t<div class=\"elementor-button-wrapper\">\n\t\t\t\t\t<a class=\"elementor-button elementor-button-link elementor-size-sm\" href=\"https:\/\/vrjsleepconsulting.com\/it\/chi-sono\/\">\n\t\t\t\t\t\t<span class=\"elementor-button-content-wrapper\">\n\t\t\t\t\t\t\t\t\t<span class=\"elementor-button-text\">Leggi Tutto<\/span>\n\t\t\t\t\t<\/span>\n\t\t\t\t\t<\/a>\n\t\t\t\t<\/div>\n\t\t\t\t\t\t\t\t<\/div>\n\t\t\t\t<\/div>\n\t\t\t\t\t<\/div>\n\t\t<\/div>\n\t\t\t\t\t<\/div>\n\t\t<\/section>\n\t\t\t\t<section class=\"elementor-section elementor-top-section elementor-element elementor-element-64ce470 elementor-section-content-middle elementor-section-boxed elementor-section-height-default elementor-section-height-default\" data-id=\"64ce470\" data-element_type=\"section\" data-settings=\"{&quot;background_background&quot;:&quot;classic&quot;}\">\n\t\t\t\t\t\t<div class=\"elementor-container elementor-column-gap-default\">\n\t\t\t\t\t<div class=\"elementor-column elementor-col-50 elementor-top-column elementor-element elementor-element-574b503\" data-id=\"574b503\" data-element_type=\"column\">\n\t\t\t<div class=\"elementor-widget-wrap elementor-element-populated\">\n\t\t\t\t\t\t<div class=\"elementor-element elementor-element-3e17749 elementor-widget elementor-widget-heading\" data-id=\"3e17749\" data-element_type=\"widget\" data-widget_type=\"heading.default\">\n\t\t\t\t<div class=\"elementor-widget-container\">\n\t\t\t\t\t<h2 class=\"elementor-heading-title elementor-size-default\">L` importanza di dormire bene<\/h2>\t\t\t\t<\/div>\n\t\t\t\t<\/div>\n\t\t\t\t<div class=\"elementor-element elementor-element-5a59806 elementor-widget elementor-widget-text-editor\" data-id=\"5a59806\" data-element_type=\"widget\" data-widget_type=\"text-editor.default\">\n\t\t\t\t<div class=\"elementor-widget-container\">\n\t\t\t\t\t\t\t\t\t<p>Sapevi che dormire gioca un ruolo fondamentale nello sviluppo del tuo bambino?<\/p><p>Ricerche hanno dimostrato che il sonno influenza l&#8217;attenzione, l&#8217;umore, il vocabolario, lo sviluppo cognitivo, fisico e molto altro.<\/p><p>Se il tuo bambino fatica a dormire sono qui per aiutarti. Migliorare il suo sonno dar\u00e0 beneficio non solo a lui\/lei ma anche a tutta la famiglia. Ricordati che un buon sonno \u00e8 essenziale per tutti. \ud83d\ude0a<\/p>\t\t\t\t\t\t\t\t<\/div>\n\t\t\t\t<\/div>\n\t\t\t\t<div class=\"elementor-element elementor-element-3b1ed2b elementor-align-left elementor-tablet-align-center elementor-widget elementor-widget-button\" data-id=\"3b1ed2b\" data-element_type=\"widget\" data-widget_type=\"button.default\">\n\t\t\t\t<div class=\"elementor-widget-container\">\n\t\t\t\t\t\t\t\t\t<div class=\"elementor-button-wrapper\">\n\t\t\t\t\t<a class=\"elementor-button elementor-button-link elementor-size-sm\" href=\"https:\/\/vrjsleepconsulting.com\/it\/contattami\/\">\n\t\t\t\t\t\t<span class=\"elementor-button-content-wrapper\">\n\t\t\t\t\t\t\t\t\t<span class=\"elementor-button-text\">Contattaci ora<\/span>\n\t\t\t\t\t<\/span>\n\t\t\t\t\t<\/a>\n\t\t\t\t<\/div>\n\t\t\t\t\t\t\t\t<\/div>\n\t\t\t\t<\/div>\n\t\t\t\t\t<\/div>\n\t\t<\/div>\n\t\t\t\t<div class=\"elementor-column elementor-col-50 elementor-top-column elementor-element elementor-element-6c6e56b\" data-id=\"6c6e56b\" data-element_type=\"column\">\n\t\t\t<div class=\"elementor-widget-wrap elementor-element-populated\">\n\t\t\t\t\t\t<div class=\"elementor-element elementor-element-277e9a5 elementor-widget elementor-widget-image\" data-id=\"277e9a5\" data-element_type=\"widget\" data-widget_type=\"image.default\">\n\t\t\t\t<div class=\"elementor-widget-container\">\n\t\t\t\t\t\t\t\t\t\t\t\t\t\t\t<img loading=\"lazy\" decoding=\"async\" width=\"800\" height=\"533\" src=\"https:\/\/vrjsleepconsulting.com\/wp-content\/uploads\/2023\/07\/The-importance-of-sleep.webp\" class=\"attachment-large size-large wp-image-1630\" alt=\"\" srcset=\"https:\/\/vrjsleepconsulting.com\/wp-content\/uploads\/2023\/07\/The-importance-of-sleep.webp 900w, https:\/\/vrjsleepconsulting.com\/wp-content\/uploads\/2023\/07\/The-importance-of-sleep-300x200.webp 300w, https:\/\/vrjsleepconsulting.com\/wp-content\/uploads\/2023\/07\/The-importance-of-sleep-768x512.webp 768w\" sizes=\"(max-width: 800px) 100vw, 800px\" \/>\t\t\t\t\t\t\t\t\t\t\t\t\t\t\t<\/div>\n\t\t\t\t<\/div>\n\t\t\t\t\t<\/div>\n\t\t<\/div>\n\t\t\t\t\t<\/div>\n\t\t<\/section>\n\t\t\t\t<\/div>\n\t\t","protected":false},"excerpt":{"rendered":"<p>\u201cDormire \u00e8 l&#8217;aspetto pi\u00f9 importante nella vita di un bambino, dopo il cibo e l&#8217;acqua. \u00c8 la base dello sviluppo fisico e mentale\u201d &#8211; Dr. Nandini Mundkur. Vanessa Redaelli Member ID: 93705145 Membership &#8211; Regular Benvenuti da VRJsleepconsulting. Da mamma di due bambini, capisco le difficolt\u00e0 date dalla privazione di sonno. La mia prima figlia [&hellip;]<\/p>\n","protected":false},"author":1,"featured_media":0,"parent":0,"menu_order":0,"comment_status":"closed","ping_status":"closed","template":"","meta":{"inline_featured_image":false,"footnotes":""},"class_list":["post-1483","page","type-page","status-publish","hentry"],"_links":{"self":[{"href":"https:\/\/vrjsleepconsulting.com\/it\/wp-json\/wp\/v2\/pages\/1483","targetHints":{"allow":["GET"]}}],"collection":[{"href":"https:\/\/vrjsleepconsulting.com\/it\/wp-json\/wp\/v2\/pages"}],"about":[{"href":"https:\/\/vrjsleepconsulting.com\/it\/wp-json\/wp\/v2\/types\/page"}],"author":[{"embeddable":true,"href":"https:\/\/vrjsleepconsulting.com\/it\/wp-json\/wp\/v2\/users\/1"}],"replies":[{"embeddable":true,"href":"https:\/\/vrjsleepconsulting.com\/it\/wp-json\/wp\/v2\/comments?post=1483"}],"version-history":[{"count":15,"href":"https:\/\/vrjsleepconsulting.com\/it\/wp-json\/wp\/v2\/pages\/1483\/revisions"}],"predecessor-version":[{"id":2026,"href":"https:\/\/vrjsleepconsulting.com\/it\/wp-json\/wp\/v2\/pages\/1483\/revisions\/2026"}],"wp:attachment":[{"href":"https:\/\/vrjsleepconsulting.com\/it\/wp-json\/wp\/v2\/media?parent=1483"}],"curies":[{"name":"wp","href":"https:\/\/api.w.org\/{rel}","templated":true}]}}